{"id":7581,"date":"2019-11-11T10:38:32","date_gmt":"2019-11-11T10:38:32","guid":{"rendered":"https:\/\/www.nyalatravel.com\/?page_id=7581"},"modified":"2021-08-08T16:46:39","modified_gmt":"2021-08-08T16:46:39","slug":"home","status":"publish","type":"page","link":"https:\/\/nyalatravel.com\/fr\/home\/","title":{"rendered":"Nyala Wonder Travel D.M.C Home Page"},"content":{"rendered":"<p>[et_pb_section fb_built=\u00a0\u00bb1&Prime; _builder_version=\u00a0\u00bb3.29.3&Prime; custom_padding=\u00a0\u00bb||0px|||\u00a0\u00bb global_module=\u00a0\u00bb10692&Prime;][et_pb_row _builder_version=\u00a0\u00bb3.29.3&Prime; width=\u00a0\u00bb100%\u00a0\u00bb max_width=\u00a0\u00bb100%\u00a0\u00bb custom_padding=\u00a0\u00bb0px||0px||false|false\u00a0\u00bb][et_pb_column type=\u00a0\u00bb4_4&Prime; _builder_version=\u00a0\u00bb3.25&Prime; custom_padding=\u00a0\u00bb|||\u00a0\u00bb custom_padding__hover=\u00a0\u00bb|||\u00a0\u00bb][et_pb_video src=\u00a0\u00bbhttps:\/\/nyalatravel.com\/wp-content\/uploads\/2020\/04\/liguria-sinfoniadisapori.mp4&Prime; thumbnail_overlay_color=\u00a0\u00bbrgba(0,0,0,0.6)\u00a0\u00bb _builder_version=\u00a0\u00bb3.29.3&Prime; custom_margin=\u00a0\u00bb-55px|||||\u00a0\u00bb][\/et_pb_video][\/et_pb_column][\/et_pb_row][\/et_pb_section][et_pb_section fb_built=\u00a0\u00bb1&Prime; module_id=\u00a0\u00bbslider-fr\u00a0\u00bb _builder_version=\u00a0\u00bb3.29.3&Prime; custom_padding=\u00a0\u00bb0px||3px|||\u00a0\u00bb global_module=\u00a0\u00bb10706&Prime;][et_pb_row _builder_version=\u00a0\u00bb3.29.3&Prime;][et_pb_column type=\u00a0\u00bb4_4&Prime; _builder_version=\u00a0\u00bb3.25&Prime; custom_padding=\u00a0\u00bb|||\u00a0\u00bb custom_padding__hover=\u00a0\u00bb|||\u00a0\u00bb][et_pb_text _builder_version=\u00a0\u00bb3.29.3&Prime; header_4_line_height=\u00a0\u00bb30px\u00a0\u00bb]<\/p>\n<h1>NYALA WONDER TRAVEL D.M.C.<\/h1>\n<p>.<\/p>\n<h2>Notre soci\u00e9t\u00e9 de gestion de destinations op\u00e8re depuis 2001 dans le secteur r\u00e9ceptif en Italie, dans le sud de la France et dans la Principaut\u00e9 de Monaco.\u00a0<\/h2>\n<h2>Nous sommes \u00e0 votre disposition pour g\u00e9rer l&rsquo;ensemble des services li\u00e9s \u00e0 l&rsquo;organisation de voyages individuels et de groupes, de r\u00e9unions et congr\u00e8s d&rsquo;entreprises et d&rsquo;\u00e9v\u00e9nements sportifs et de mariages.<\/h2>\n<p>[\/et_pb_text][\/et_pb_column][\/et_pb_row][et_pb_row column_structure=\u00a0\u00bb2_3,1_3&Prime; _builder_version=\u00a0\u00bb3.29.3&Prime; custom_padding=\u00a0\u00bb||0px|||\u00a0\u00bb][et_pb_column type=\u00a0\u00bb2_3&Prime; _builder_version=\u00a0\u00bb3.29.3&Prime;][et_pb_text _builder_version=\u00a0\u00bb3.29.3&Prime; min_height=\u00a0\u00bb292px\u00a0\u00bb custom_padding=\u00a0\u00bb||1px|||\u00a0\u00bb]<\/p>\n<p><span style=\"font-size : large ;\"><strong>Nous sommes sp\u00e9cialis\u00e9s dans les rivieras italiennes et fran\u00e7aises, dont nous connaissons tous les secrets ! <\/strong><\/span><\/p>\n<p>.\n<\/p>\n<p><span style=\"font-size : large ;\">Il existe de nombreuses raisons d&rsquo;organiser un voyage en Ligurie et sur la C\u00f4te d&rsquo;Azur : la douceur du climat, les jardins botaniques et les fleurs de la Riviera, les tr\u00e9sors \u0153nogastronomiques et les parfums de l&rsquo;arri\u00e8re-pays, la mondanit\u00e9 des stations baln\u00e9aires les plus c\u00e9l\u00e8bres, ainsi qu&rsquo;une gamme de services de premier ordre : h\u00f4tels, restaurants, mus\u00e9es, caves \u00e0 vin et moulins \u00e0 huile.<\/span><\/p>\n<p><span style=\"font-size : large ;\">.<\/p>\n<p><span style=\"font-size : large ;\"><strong>Notre point fort est de ne proposer que le territoire o\u00f9 nous vivons. La valeur ajout\u00e9e de notre service est notre exp\u00e9rience de plusieurs d\u00e9cennies dans l&rsquo;accueil des touristes du monde entier sur notre territoire.<\/strong><\/span><\/p>\n<p>.<\/p>\n<p><strong> <\/strong><\/p>\n<p>&nbsp;<\/p>\n<p>[\/et_pb_text][\/et_pb_column][et_pb_column type=\u00a0\u00bb1_3&Prime; _builder_version=\u00a0\u00bb3.29.3&Prime;][et_pb_blurb title=\u00a0\u00bbDES VOYAGES ORGANIS\u00c9S SUR MESURE POUR LES PARTICULIERS ET LES GROUPES\u00a0\u00bb use_icon=\u00a0\u00bbon\u00a0\u00bb font_icon=\u00a0\u00bb%%32%%\u00a0\u00bb icon_placement=\u00a0\u00bbleft\u00a0\u00bb _builder_version=\u00a0\u00bb3.29.3&Prime;][\/et_pb_blurb][et_pb_blurb title=\u00a0\u00bbORGANISATION DE R\u00c9UNIONS ET DE CONGR\u00c8S D&rsquo;ENTREPRISE, D&rsquo;INCENTIVES ET DE TEAM BULDINGS\u00a0\u00bb use_icon=\u00a0\u00bbon\u00a0\u00bb font_icon=\u00a0\u00bb%%32%%\u00a0\u00bb icon_placement=\u00a0\u00bbleft\u00a0\u00bb _builder_version=\u00a0\u00bb3.29.3&Prime;][\/et_pb_blurb][et_pb_blurb title=\u00a0\u00bbORGANISATEUR DE MARIAGES ET D&rsquo;\u00c9V\u00c9NEMENTS\u00a0\u00bb use_icon=\u00a0\u00bbon\u00a0\u00bb font_icon=\u00a0\u00bb%%32%%\u00a0\u00bb icon_placement=\u00a0\u00bbleft\u00a0\u00bb _builder_version=\u00a0\u00bb3.29.3&Prime;][\/et_pb_blurb][et_pb_blurb title=\u00a0\u00bbL&rsquo;ORGANISATION D&rsquo;\u00c9V\u00c9NEMENTS SPORTIFS\u00a0\u00bb use_icon=\u00a0\u00bbon\u00a0\u00bb font_icon=\u00a0\u00bb%%32%%\u00a0\u00bb icon_placement=\u00a0\u00bbleft\u00a0\u00bb _builder_version=\u00a0\u00bb3.29.3&Prime;][\/et_pb_blurb][\/et_pb_column][\/et_pb_row][et_pb_row _builder_version=\u00a0\u00bb3.29.3&Prime;][et_pb_column type=\u00a0\u00bb4_4&Prime; _builder_version=\u00a0\u00bb3.29.3&Prime;][et_pb_testimonial _builder_version=\u00a0\u00bb3.29.3&Prime;]<\/p>\n<blockquote>\n<p><span style=\"font-size : 14pt ;\">Notre sp\u00e9cialisation n&rsquo;est pas un segment de march\u00e9 sp\u00e9cifique, mais une destination allant de la Ligurie au Pi\u00e9mont, de Monaco et de la C\u00f4te d&rsquo;Azur \u00e0 la Provence.<\/span><\/p>\n<p>.\n<\/p><\/blockquote>\n<p>[\/et_pb_testimonial][\/et_pb_column][\/et_pb_row][et_pb_row column_structure=\u00a0\u00bb1_6,1_6,1_6,1_2&Prime; _builder_version=\u00a0\u00bb3.29.3&Prime;][et_pb_column type=\u00a0\u00bb1_6&Prime; _builder_version=\u00a0\u00bb3.29.3&Prime;][\/et_pb_column][et_pb_column type=\u00a0\u00bb1_6&Prime; _builder_version=\u00a0\u00bb3.29.3&Prime;][et_pb_blurb title=\u00a0\u00bbLIGURIE\u00a0\u00bb use_icon=\u00a0\u00bbon\u00a0\u00bb font_icon=\u00a0\u00bb%%122%%\u00a0\u00bb icon_placement=\u00a0\u00bbleft\u00a0\u00bb _builder_version=\u00a0\u00bb3.29.3&Prime;][\/et_pb_blurb][et_pb_blurb title=\u00a0\u00bbPIEDMONT\u00a0\u00bb use_icon=\u00a0\u00bbon\u00a0\u00bb font_icon=\u00a0\u00bb%%122%%\u00a0\u00bb icon_placement=\u00a0\u00bbleft\u00a0\u00bb _builder_version=\u00a0\u00bb3.29.3&Prime;][\/et_pb_blurb][et_pb_blurb title=\u00a0\u00bbPRINCIPAUT\u00c9 DE MONACO\u00a0\u00bb use_icon=\u00a0\u00bbon\u00a0\u00bb font_icon=\u00a0\u00bb%%122%%\u00a0\u00bb icon_placement=\u00a0\u00bbleft\u00a0\u00bb _builder_version=\u00a0\u00bb3.29.3&Prime;][\/et_pb_blurb][et_pb_blurb title=\u00a0\u00bbCOTE D&rsquo;AZUR\u00a0\u00bb use_icon=\u00a0\u00bbon\u00a0\u00bb font_icon=\u00a0\u00bb%%122%%\u00a0\u00bb icon_placement=\u00a0\u00bbleft\u00a0\u00bb _builder_version=\u00a0\u00bb3.29.3&Prime;][\/et_pb_blurb][et_pb_blurb title=\u00a0\u00bbPROVENCE\u00a0\u00bb use_icon=\u00a0\u00bbon\u00a0\u00bb font_icon=\u00a0\u00bb%%122%%\u00a0\u00bb icon_placement=\u00a0\u00bbleft\u00a0\u00bb _builder_version=\u00a0\u00bb3.29.3&Prime;][\/et_pb_blurb][\/et_pb_column][et_pb_column type=\u00a0\u00bb1_6&Prime; _builder_version=\u00a0\u00bb3.29.3&Prime;][\/et_pb_column][et_pb_column type=\u00a0\u00bb1_2&Prime; _builder_version=\u00a0\u00bb3.29.3&Prime;][et_pb_image src=\u00a0\u00bbhttps:\/\/nyalatravel.com\/wp-content\/uploads\/2020\/04\/nyala-travel-dmc-map-e1568136520576-1.png\u00a0\u00bb admin_label=\u00a0\u00bbImmagine\u00a0\u00bb _builder_version=\u00a0\u00bb3.29.3&Prime; background_color=\u00a0\u00bbrgba(0,0,0,0)\u00a0\u00bb][\/et_pb_image][\/et_pb_column][\/et_pb_row][\/et_pb_section]<\/p>\n","protected":false},"excerpt":{"rendered":"<p>NYALA WONDER TRAVEL D.M.C.. Notre soci\u00e9t\u00e9 de gestion de destinations op\u00e8re depuis 2001 dans le secteur r\u00e9ceptif en Italie, dans le sud de la France et dans la Principaut\u00e9 de Monaco.\u00a0 Nous sommes \u00e0 votre disposition pour g\u00e9rer l&rsquo;ensemble des services li\u00e9s \u00e0 l&rsquo;organisation de voyages individuels et de groupes, de r\u00e9unions et congr\u00e8s d&rsquo;entreprises [&hellip;]<\/p>\n","protected":false},"author":1,"featured_media":0,"parent":0,"menu_order":0,"comment_status":"closed","ping_status":"closed","template":"","meta":{"_acf_changed":false,"_et_pb_use_builder":"on","_et_pb_old_content":"","_et_gb_content_width":"","footnotes":""},"class_list":["post-7581","page","type-page","status-publish","hentry"],"acf":[],"yoast_head":"<!-- This site is optimized with the Yoast SEO plugin v25.9 - https:\/\/yoast.com\/wordpress\/plugins\/seo\/ -->\n<title>Nyala Wonder Travel D.M.C Home Page | TOUR OPERATOR INCOMING LIGURIA COSTA AZZURRA PROVENZA PIEMONTE<\/title>\n<meta name=\"robots\" content=\"index, follow, max-snippet:-1, max-image-preview:large, max-video-preview:-1\" \/>\n<link rel=\"canonical\" href=\"https:\/\/nyalatravel.com\/fr\/home\/\" \/>\n<meta property=\"og:locale\" content=\"fr_FR\" \/>\n<meta property=\"og:type\" content=\"article\" \/>\n<meta property=\"og:title\" content=\"Nyala Wonder Travel D.M.C Home Page | TOUR OPERATOR INCOMING LIGURIA COSTA AZZURRA PROVENZA PIEMONTE\" \/>\n<meta property=\"og:description\" content=\"NYALA WONDER TRAVEL D.M.C.. Notre soci\u00e9t\u00e9 de gestion de destinations op\u00e8re depuis 2001 dans le secteur r\u00e9ceptif en Italie, dans le sud de la France et dans la Principaut\u00e9 de Monaco.\u00a0 Nous sommes \u00e0 votre disposition pour g\u00e9rer l&#039;ensemble des services li\u00e9s \u00e0 l&#039;organisation de voyages individuels et de groupes, de r\u00e9unions et congr\u00e8s d&#039;entreprises [&hellip;]\" \/>\n<meta property=\"og:url\" content=\"https:\/\/nyalatravel.com\/fr\/home\/\" \/>\n<meta property=\"og:site_name\" content=\"TOUR OPERATOR INCOMING LIGURIA COSTA AZZURRA PROVENZA PIEMONTE\" \/>\n<meta property=\"article:modified_time\" content=\"2021-08-08T16:46:39+00:00\" \/>\n<meta name=\"twitter:label1\" content=\"Dur\u00e9e de lecture estim\u00e9e\" \/>\n\t<meta name=\"twitter:data1\" content=\"3 minutes\" \/>\n<script type=\"application\/ld+json\" class=\"yoast-schema-graph\">{\"@context\":\"https:\/\/schema.org\",\"@graph\":[{\"@type\":\"WebPage\",\"@id\":\"https:\/\/nyalatravel.com\/fr\/home\/\",\"url\":\"https:\/\/nyalatravel.com\/fr\/home\/\",\"name\":\"Nyala Wonder Travel D.M.C Home Page | TOUR OPERATOR INCOMING LIGURIA COSTA AZZURRA PROVENZA PIEMONTE\",\"isPartOf\":{\"@id\":\"https:\/\/nyalatravel.com\/fr\/#website\"},\"datePublished\":\"2019-11-11T10:38:32+00:00\",\"dateModified\":\"2021-08-08T16:46:39+00:00\",\"breadcrumb\":{\"@id\":\"https:\/\/nyalatravel.com\/fr\/home\/#breadcrumb\"},\"inLanguage\":\"fr-FR\",\"potentialAction\":[{\"@type\":\"ReadAction\",\"target\":[\"https:\/\/nyalatravel.com\/fr\/home\/\"]}]},{\"@type\":\"BreadcrumbList\",\"@id\":\"https:\/\/nyalatravel.com\/fr\/home\/#breadcrumb\",\"itemListElement\":[{\"@type\":\"ListItem\",\"position\":1,\"name\":\"Home\",\"item\":\"https:\/\/nyalatravel.com\/fr\/\"},{\"@type\":\"ListItem\",\"position\":2,\"name\":\"Nyala Wonder Travel D.M.C Home Page\"}]},{\"@type\":\"WebSite\",\"@id\":\"https:\/\/nyalatravel.com\/fr\/#website\",\"url\":\"https:\/\/nyalatravel.com\/fr\/\",\"name\":\"TOUR OPERATOR INCOMING LIGURIA COSTA AZZURRA PROVENZA PIEMONTE\",\"description\":\"Nyala Wonder Travel D.M.C. Sanremo\",\"potentialAction\":[{\"@type\":\"SearchAction\",\"target\":{\"@type\":\"EntryPoint\",\"urlTemplate\":\"https:\/\/nyalatravel.com\/fr\/?s={search_term_string}\"},\"query-input\":{\"@type\":\"PropertyValueSpecification\",\"valueRequired\":true,\"valueName\":\"search_term_string\"}}],\"inLanguage\":\"fr-FR\"}]}<\/script>\n<!-- \/ Yoast SEO plugin. -->","yoast_head_json":{"title":"Nyala Wonder Travel D.M.C Home Page | TOUR OPERATOR INCOMING LIGURIA COSTA AZZURRA PROVENZA PIEMONTE","robots":{"index":"index","follow":"follow","max-snippet":"max-snippet:-1","max-image-preview":"max-image-preview:large","max-video-preview":"max-video-preview:-1"},"canonical":"https:\/\/nyalatravel.com\/fr\/home\/","og_locale":"fr_FR","og_type":"article","og_title":"Nyala Wonder Travel D.M.C Home Page | TOUR OPERATOR INCOMING LIGURIA COSTA AZZURRA PROVENZA PIEMONTE","og_description":"NYALA WONDER TRAVEL D.M.C.. Notre soci\u00e9t\u00e9 de gestion de destinations op\u00e8re depuis 2001 dans le secteur r\u00e9ceptif en Italie, dans le sud de la France et dans la Principaut\u00e9 de Monaco.\u00a0 Nous sommes \u00e0 votre disposition pour g\u00e9rer l'ensemble des services li\u00e9s \u00e0 l'organisation de voyages individuels et de groupes, de r\u00e9unions et congr\u00e8s d'entreprises [&hellip;]","og_url":"https:\/\/nyalatravel.com\/fr\/home\/","og_site_name":"TOUR OPERATOR INCOMING LIGURIA COSTA AZZURRA PROVENZA PIEMONTE","article_modified_time":"2021-08-08T16:46:39+00:00","twitter_misc":{"Dur\u00e9e de lecture estim\u00e9e":"3 minutes"},"schema":{"@context":"https:\/\/schema.org","@graph":[{"@type":"WebPage","@id":"https:\/\/nyalatravel.com\/fr\/home\/","url":"https:\/\/nyalatravel.com\/fr\/home\/","name":"Nyala Wonder Travel D.M.C Home Page | TOUR OPERATOR INCOMING LIGURIA COSTA AZZURRA PROVENZA PIEMONTE","isPartOf":{"@id":"https:\/\/nyalatravel.com\/fr\/#website"},"datePublished":"2019-11-11T10:38:32+00:00","dateModified":"2021-08-08T16:46:39+00:00","breadcrumb":{"@id":"https:\/\/nyalatravel.com\/fr\/home\/#breadcrumb"},"inLanguage":"fr-FR","potentialAction":[{"@type":"ReadAction","target":["https:\/\/nyalatravel.com\/fr\/home\/"]}]},{"@type":"BreadcrumbList","@id":"https:\/\/nyalatravel.com\/fr\/home\/#breadcrumb","itemListElement":[{"@type":"ListItem","position":1,"name":"Home","item":"https:\/\/nyalatravel.com\/fr\/"},{"@type":"ListItem","position":2,"name":"Nyala Wonder Travel D.M.C Home Page"}]},{"@type":"WebSite","@id":"https:\/\/nyalatravel.com\/fr\/#website","url":"https:\/\/nyalatravel.com\/fr\/","name":"TOUR OPERATOR INCOMING LIGURIA COSTA AZZURRA PROVENZA PIEMONTE","description":"Nyala Wonder Travel D.M.C. Sanremo","potentialAction":[{"@type":"SearchAction","target":{"@type":"EntryPoint","urlTemplate":"https:\/\/nyalatravel.com\/fr\/?s={search_term_string}"},"query-input":{"@type":"PropertyValueSpecification","valueRequired":true,"valueName":"search_term_string"}}],"inLanguage":"fr-FR"}]}},"_links":{"self":[{"href":"https:\/\/nyalatravel.com\/fr\/wp-json\/wp\/v2\/pages\/7581","targetHints":{"allow":["GET"]}}],"collection":[{"href":"https:\/\/nyalatravel.com\/fr\/wp-json\/wp\/v2\/pages"}],"about":[{"href":"https:\/\/nyalatravel.com\/fr\/wp-json\/wp\/v2\/types\/page"}],"author":[{"embeddable":true,"href":"https:\/\/nyalatravel.com\/fr\/wp-json\/wp\/v2\/users\/1"}],"replies":[{"embeddable":true,"href":"https:\/\/nyalatravel.com\/fr\/wp-json\/wp\/v2\/comments?post=7581"}],"version-history":[{"count":11,"href":"https:\/\/nyalatravel.com\/fr\/wp-json\/wp\/v2\/pages\/7581\/revisions"}],"predecessor-version":[{"id":10712,"href":"https:\/\/nyalatravel.com\/fr\/wp-json\/wp\/v2\/pages\/7581\/revisions\/10712"}],"wp:attachment":[{"href":"https:\/\/nyalatravel.com\/fr\/wp-json\/wp\/v2\/media?parent=7581"}],"curies":[{"name":"wp","href":"https:\/\/api.w.org\/{rel}","templated":true}]}}