{"id":1989,"date":"2011-12-10T18:50:53","date_gmt":"2011-12-10T18:50:53","guid":{"rendered":"http:\/\/www.nyalatravel.com\/wordpress\/?page_id=1989"},"modified":"2021-08-08T17:32:16","modified_gmt":"2021-08-08T17:32:16","slug":"nyala-wonder-travel","status":"publish","type":"page","link":"https:\/\/nyalatravel.com\/fr\/nyala-wonder-travel\/","title":{"rendered":"Nyala Wonder Travel D.M.C. &#8211; Chi siamo"},"content":{"rendered":"<p>[et_pb_section fb_built=\u00a0\u00bb1&Prime; _builder_version=\u00a0\u00bb3.22&Prime; global_module=\u00a0\u00bb10731&Prime; saved_tabs=\u00a0\u00bball\u00a0\u00bb][et_pb_row _builder_version=\u00a0\u00bb3.25&Prime; background_size=\u00a0\u00bbinitial\u00a0\u00bb background_position=\u00a0\u00bbtop_left\u00a0\u00bb background_repeat=\u00a0\u00bbrepeat\u00a0\u00bb][et_pb_column type=\u00a0\u00bb4_4&Prime; _builder_version=\u00a0\u00bb3.25&Prime; custom_padding=\u00a0\u00bb|||\u00a0\u00bb custom_padding__hover=\u00a0\u00bb|||\u00a0\u00bb][et_pb_text _builder_version=\u00a0\u00bb3.29.3&Prime; background_size=\u00a0\u00bbinitial\u00a0\u00bb background_position=\u00a0\u00bbtop_left\u00a0\u00bb background_repeat=\u00a0\u00bbrepeat\u00a0\u00bb]<\/p>\n<h2><strong>Nyala Wonder Travel D.M.C. nasce a Sanremo<\/strong>&nbsp;nel 2001, per rispondere alle prime richieste di un turismo nuovo e maggiormente consapevole delle tipicit\u00e0 offerte dalla Liguria e della vicina Costa Azzurra.<\/h2>\n<h2>Da allora offriamo suggerimenti, consigli, informazioni e prenotazioni per una clientela esigente che richiede soggiorni ricchi di esperienze ed emozioni.te le informazioni per gli amanti della bicicletta e degli sport outdoor.<\/h2>\n<p>[\/et_pb_text][\/et_pb_column][\/et_pb_row][et_pb_row _builder_version=\u00a0\u00bb3.29.3&Prime;][et_pb_column type=\u00a0\u00bb4_4&Prime; _builder_version=\u00a0\u00bb3.29.3&Prime;][et_pb_testimonial _builder_version=\u00a0\u00bb3.29.3&Prime;]<\/p>\n<p><span><strong><span style=\"font-size: large;\">La nostra specializzazione sono la Riviera italiana e francese e le&nbsp;regioni limitrofe, delle quali conosciamo tutti i segreti!<\/span><\/strong><\/span><\/p>\n<p><span style=\"font-size: large;\">Tante sono le motivazioni per organizzare un viaggio in Liguria e Costa Azzurra: il clima mite, i giardini botanici e i fiori della Riviera, i tesori enogastronomici ed i profumi dell\u2019entroterra, la mondanit\u00e0 della localit\u00e0 pi\u00f9 famose, oltre ad un ventaglio di servizi di prima qualit\u00e0: alberghi, ristoranti, musei, cantine e frantoi.<\/span><\/p>\n<p><span style=\"font-size: large;\"><strong>Il nostro punto di forza \u00e8 quello di proporre solo il territorio dove viviamo. Il valore aggiunto del nostro servizio \u00e8 l\u2019esperienza decennale nell\u2019accogliere turisti di tutto il mondo nella nostra terra.<\/strong><\/span><\/p>\n<p>[\/et_pb_testimonial][\/et_pb_column][\/et_pb_row][et_pb_row column_structure=\u00a0\u00bb1_6,1_6,1_6,1_2&Prime; _builder_version=\u00a0\u00bb3.29.3&Prime;][et_pb_column type=\u00a0\u00bb1_6&Prime; _builder_version=\u00a0\u00bb3.29.3&Prime;][\/et_pb_column][et_pb_column type=\u00a0\u00bb1_6&Prime; _builder_version=\u00a0\u00bb3.29.3&Prime;][et_pb_blurb title=\u00a0\u00bbLIGURIA\u00a0\u00bb use_icon=\u00a0\u00bbon\u00a0\u00bb font_icon=\u00a0\u00bb%%122%%\u00a0\u00bb icon_placement=\u00a0\u00bbleft\u00a0\u00bb _builder_version=\u00a0\u00bb3.29.3&Prime;][\/et_pb_blurb][et_pb_blurb title=\u00a0\u00bbPIEMONTE\u00a0\u00bb use_icon=\u00a0\u00bbon\u00a0\u00bb font_icon=\u00a0\u00bb%%122%%\u00a0\u00bb icon_placement=\u00a0\u00bbleft\u00a0\u00bb _builder_version=\u00a0\u00bb3.29.3&Prime;][\/et_pb_blurb][et_pb_blurb title=\u00a0\u00bbPRINCIPATO DI MONACO\u00a0\u00bb use_icon=\u00a0\u00bbon\u00a0\u00bb font_icon=\u00a0\u00bb%%122%%\u00a0\u00bb icon_placement=\u00a0\u00bbleft\u00a0\u00bb _builder_version=\u00a0\u00bb3.29.3&Prime;][\/et_pb_blurb][et_pb_blurb title=\u00a0\u00bbCOSTA AZZURRA\u00a0\u00bb use_icon=\u00a0\u00bbon\u00a0\u00bb font_icon=\u00a0\u00bb%%122%%\u00a0\u00bb icon_placement=\u00a0\u00bbleft\u00a0\u00bb _builder_version=\u00a0\u00bb3.29.3&Prime;][\/et_pb_blurb][et_pb_blurb title=\u00a0\u00bbPROVENZA\u00a0\u00bb use_icon=\u00a0\u00bbon\u00a0\u00bb font_icon=\u00a0\u00bb%%122%%\u00a0\u00bb icon_placement=\u00a0\u00bbleft\u00a0\u00bb _builder_version=\u00a0\u00bb3.29.3&Prime;][\/et_pb_blurb][\/et_pb_column][et_pb_column type=\u00a0\u00bb1_6&Prime; _builder_version=\u00a0\u00bb3.29.3&Prime;][\/et_pb_column][et_pb_column type=\u00a0\u00bb1_2&Prime; _builder_version=\u00a0\u00bb3.29.3&Prime;][et_pb_image src=\u00a0\u00bbhttps:\/\/nyalatravel.com\/wp-content\/uploads\/2020\/04\/nyala-travel-dmc-map-e1568136520576-1.png\u00a0\u00bb admin_label=\u00a0\u00bbImmagine\u00a0\u00bb _builder_version=\u00a0\u00bb3.29.3&Prime; background_color=\u00a0\u00bbrgba(0,0,0,0)\u00a0\u00bb][\/et_pb_image][\/et_pb_column][\/et_pb_row][et_pb_row _builder_version=\u00a0\u00bb3.29.3&Prime;][et_pb_column type=\u00a0\u00bb4_4&Prime; _builder_version=\u00a0\u00bb3.29.3&Prime;][et_pb_testimonial _builder_version=\u00a0\u00bb3.29.3&Prime;]<\/p>\n<p><span style=\"font-size: large;\"><strong> Il valore aggiunto del nostro servizio \u00e8 l\u2019esperienza ventennale nell\u2019accogliere turisti di tutto il mondo nella nostra terra.<\/strong><\/span><\/p>\n<p>[\/et_pb_testimonial][\/et_pb_column][\/et_pb_row][et_pb_row column_structure=\u00a0\u00bb2_3,1_3&Prime; _builder_version=\u00a0\u00bb3.29.3&Prime; custom_padding=\u00a0\u00bb||0px|||\u00a0\u00bb][et_pb_column type=\u00a0\u00bb2_3&Prime; _builder_version=\u00a0\u00bb3.29.3&Prime;][et_pb_blurb title=\u00a0\u00bbPRENOTAZIONE DI ALLOGGI\u00a0\u00bb use_icon=\u00a0\u00bbon\u00a0\u00bb font_icon=\u00a0\u00bb%%122%%\u00a0\u00bb icon_placement=\u00a0\u00bbleft\u00a0\u00bb _builder_version=\u00a0\u00bb3.29.3&Prime;]<\/p>\n<p>Prenotazione di hotel, residence, agriturismi, appartamenti e ville<\/p>\n<p>[\/et_pb_blurb][et_pb_blurb title=\u00a0\u00bbTRASPORTI\u00a0\u00bb use_icon=\u00a0\u00bbon\u00a0\u00bb font_icon=\u00a0\u00bb%%122%%\u00a0\u00bb icon_placement=\u00a0\u00bbleft\u00a0\u00bb _builder_version=\u00a0\u00bb3.29.3&Prime;]<\/p>\n<p>Prenotiamo transfer con limousine, automobile o minivan e noleggiamo auto, minibus, autobus turistici per i vostri viaggi.<\/p>\n<p>[\/et_pb_blurb][et_pb_blurb title=\u00a0\u00bbPRENOTAZIONE DI SERVIZI TURISTICI\u00a0\u00bb use_icon=\u00a0\u00bbon\u00a0\u00bb font_icon=\u00a0\u00bb%%122%%\u00a0\u00bb icon_placement=\u00a0\u00bbleft\u00a0\u00bb _builder_version=\u00a0\u00bb3.29.3&Prime;]<\/p>\n<p>Prenotiamo per voi guide turistiche, escursioni ed esperienze uniche.<\/p>\n<p>[\/et_pb_blurb][et_pb_blurb title=\u00a0\u00bbCONCIERGE DI LUSSO\u00a0\u00bb use_icon=\u00a0\u00bbon\u00a0\u00bb font_icon=\u00a0\u00bb%%122%%\u00a0\u00bb icon_placement=\u00a0\u00bbleft\u00a0\u00bb _builder_version=\u00a0\u00bb3.29.3&Prime;]<\/p>\n<p>Prenotiamo per voi le vostre vacanze di lusso: itinerari su misura, alberghi di lusso, ville con piscina, auto sportive ed esperienze indimenticabili.<\/p>\n<p>[\/et_pb_blurb][\/et_pb_column][et_pb_column type=\u00a0\u00bb1_3&Prime; _builder_version=\u00a0\u00bb3.29.3&Prime;][et_pb_blurb title=\u00a0\u00bbPACCHETTI TURISTICI SU MISURA\u00a0\u00bb use_icon=\u00a0\u00bbon\u00a0\u00bb font_icon=\u00a0\u00bb%%32%%\u00a0\u00bb icon_placement=\u00a0\u00bbleft\u00a0\u00bb _builder_version=\u00a0\u00bb3.29.3&Prime;][\/et_pb_blurb][et_pb_blurb title=\u00a0\u00bbORGANIZZAZIONE DI MEETING E CONGRESSI\u00a0\u00bb use_icon=\u00a0\u00bbon\u00a0\u00bb font_icon=\u00a0\u00bb%%32%%\u00a0\u00bb icon_placement=\u00a0\u00bbleft\u00a0\u00bb _builder_version=\u00a0\u00bb3.29.3&Prime;][\/et_pb_blurb][et_pb_blurb title=\u00a0\u00bbWEDDING AND EVENT PLANNER\u00a0\u00bb use_icon=\u00a0\u00bbon\u00a0\u00bb font_icon=\u00a0\u00bb%%32%%\u00a0\u00bb icon_placement=\u00a0\u00bbleft\u00a0\u00bb _builder_version=\u00a0\u00bb3.29.3&Prime;][\/et_pb_blurb][et_pb_blurb title=\u00a0\u00bbORGANIZZAZIONE DI EVENTI SPORTIVI\u00a0\u00bb use_icon=\u00a0\u00bbon\u00a0\u00bb font_icon=\u00a0\u00bb%%32%%\u00a0\u00bb icon_placement=\u00a0\u00bbleft\u00a0\u00bb _builder_version=\u00a0\u00bb3.29.3&Prime;][\/et_pb_blurb][\/et_pb_column][\/et_pb_row][\/et_pb_section]<\/p>\n","protected":false},"excerpt":{"rendered":"<p>Nyala Wonder Travel D.M.C. nasce a Sanremo&nbsp;nel 2001, per rispondere alle prime richieste di un turismo nuovo e maggiormente consapevole delle tipicit\u00e0 offerte dalla Liguria e della vicina Costa Azzurra. Da allora offriamo suggerimenti, consigli, informazioni e prenotazioni per una clientela esigente che richiede soggiorni ricchi di esperienze ed emozioni.te le informazioni per gli amanti [&hellip;]<\/p>\n","protected":false},"author":1,"featured_media":0,"parent":0,"menu_order":0,"comment_status":"closed","ping_status":"open","template":"","meta":{"_acf_changed":false,"_et_pb_use_builder":"on","_et_pb_old_content":"<h2><strong>Nyala Wonder Travel nasce a Sanremo<\/strong>, nel 2001 per rispondere alle prime richieste di un turismo nuovo e maggiormente consapevole delle tipicit\u00e0 offerte dalla Liguria e della vicina Costa Azzurra.<\/h2><h2>Da allora offriamo suggerimenti, consigli, informazioni e prenotazioni per una clientela esigente che richiede soggiorni ricchi di esperienze ed emozioni.<!--more--><\/h2><p>I servizi offerti sono cresciuti con le nostre conoscenze e la nostra offerta si \u00e8 allargata negli anni al Piemonte, alla Costa Azzurra \u00a0ed infine a tutta Italia.<\/p><p>Siamo in grado di fornire informazioni e prenotazioni per:<\/p><ul><li>Hotels e residence, bed and breakfast,\u00a0agriturismi, appartamenti<\/li><li>Ristoranti e serate di gala<\/li><li>Guide ed accompagnatori turistici<\/li><li>Trasferimenti<\/li><li>Noleggi di auto, minibus e autobus gran turismo<\/li><li>Organizzazione di viaggi incentives<\/li><li>Organizzazione di meeting e congressi<\/li><li>Organizzazione di eventi<\/li><li>Organizzazione di matrimoni<\/li><\/ul><p>La scelta di non fornire un turismo di massa ed indifferenziato ci porta a sviluppare continuamente nuovi prodotti che rispondano alle esigenze di segmenti di clientela ben delineati.<\/p><p>Per il turismo organizzato e i gruppi proponiamo sin dal 2001 il nostro programma <strong><a href=\"https:\/\/www.rivieradivina.it\/\">Riviera Divina<\/a><\/strong>, che\u00a0 si ispira alla migliore tradizione della dieta mediterranea, fa sentire la brezza marina quando lo si sfoglia e profuma di fiori ed erbe aromatiche.<\/p><p>Il nostro territorio \u00e8 l'ideale per gli sport all'aria aperta, grazie al clima sempre mite e presto sar\u00e0 dotato di una spettacolare pista ciclabile a picco sul mare, questo ci ha portato nel 2005 alla creazione del sito\u00a0<strong><a href=\"https:\/\/www.rivierabiking.it\/\">Riviera Biking<\/a><\/strong>, dove potrete trovare tutte le informazioni per gli amanti della bicicletta e degli sport outdoor.<\/p><p>Nel 2009 abbiamo varato il programma <strong><a title=\"Matrimoni in Liguria\" href=\"https:\/\/weddings.rivieradivina.it\">Riviera Divina Weddings<\/a><\/strong>, che offre alle coppie che desiderano organizzare il loro matrimonio in Riviera alcune location d'eccezione e tutti i servizi per celebrare un matrimonio civile o religioso.<\/p><p><strong><a title=\"Meeting e Convegni a Sanremo\" href=\"https:\/\/www.visitsanremo.it\">Visit Sanremo<\/a><\/strong> \u00e8 l'ultimo nato fra i nostri programmi, dedicato alle aziende e alle associazioni che desiderano organizzare un meeting, un convegno o un congresso a Sanremo.<\/p><p>\u00a0<\/p>","_et_gb_content_width":"","footnotes":""},"class_list":["post-1989","page","type-page","status-publish","hentry"],"acf":[],"yoast_head":"<!-- This site is optimized with the Yoast SEO plugin v25.9 - https:\/\/yoast.com\/wordpress\/plugins\/seo\/ -->\n<title>Nyala Wonder Travel D.M.C. - Chi siamo | TOUR OPERATOR INCOMING LIGURIA COSTA AZZURRA PROVENZA PIEMONTE<\/title>\n<meta name=\"description\" content=\"NYALA WONDER TRAVEL NYALA WONDER TRAVEL un tour operator incoming specializzato nei viaggi in Liguria Langhe e Costa Azzurra.\" \/>\n<meta name=\"robots\" content=\"index, follow, max-snippet:-1, max-image-preview:large, max-video-preview:-1\" \/>\n<link rel=\"canonical\" href=\"https:\/\/nyalatravel.com\/fr\/nyala-wonder-travel\/\" \/>\n<meta property=\"og:locale\" content=\"fr_FR\" \/>\n<meta property=\"og:type\" content=\"article\" \/>\n<meta property=\"og:title\" content=\"Nyala Wonder Travel D.M.C. - Chi siamo | TOUR OPERATOR INCOMING LIGURIA COSTA AZZURRA PROVENZA PIEMONTE\" \/>\n<meta property=\"og:description\" content=\"NYALA WONDER TRAVEL NYALA WONDER TRAVEL un tour operator incoming specializzato nei viaggi in Liguria Langhe e Costa Azzurra.\" \/>\n<meta property=\"og:url\" content=\"https:\/\/nyalatravel.com\/fr\/nyala-wonder-travel\/\" \/>\n<meta property=\"og:site_name\" content=\"TOUR OPERATOR INCOMING LIGURIA COSTA AZZURRA PROVENZA PIEMONTE\" \/>\n<meta property=\"article:modified_time\" content=\"2021-08-08T17:32:16+00:00\" \/>\n<meta name=\"twitter:label1\" content=\"Dur\u00e9e de lecture estim\u00e9e\" \/>\n\t<meta name=\"twitter:data1\" content=\"4 minutes\" \/>\n<script type=\"application\/ld+json\" class=\"yoast-schema-graph\">{\"@context\":\"https:\/\/schema.org\",\"@graph\":[{\"@type\":\"WebPage\",\"@id\":\"https:\/\/nyalatravel.com\/fr\/nyala-wonder-travel\/\",\"url\":\"https:\/\/nyalatravel.com\/fr\/nyala-wonder-travel\/\",\"name\":\"Nyala Wonder Travel D.M.C. - Chi siamo | TOUR OPERATOR INCOMING LIGURIA COSTA AZZURRA PROVENZA PIEMONTE\",\"isPartOf\":{\"@id\":\"https:\/\/nyalatravel.com\/fr\/#website\"},\"datePublished\":\"2011-12-10T18:50:53+00:00\",\"dateModified\":\"2021-08-08T17:32:16+00:00\",\"description\":\"NYALA WONDER TRAVEL NYALA WONDER TRAVEL un tour operator incoming specializzato nei viaggi in Liguria Langhe e Costa Azzurra.\",\"breadcrumb\":{\"@id\":\"https:\/\/nyalatravel.com\/fr\/nyala-wonder-travel\/#breadcrumb\"},\"inLanguage\":\"fr-FR\",\"potentialAction\":[{\"@type\":\"ReadAction\",\"target\":[\"https:\/\/nyalatravel.com\/fr\/nyala-wonder-travel\/\"]}]},{\"@type\":\"BreadcrumbList\",\"@id\":\"https:\/\/nyalatravel.com\/fr\/nyala-wonder-travel\/#breadcrumb\",\"itemListElement\":[{\"@type\":\"ListItem\",\"position\":1,\"name\":\"Home\",\"item\":\"https:\/\/nyalatravel.com\/fr\/\"},{\"@type\":\"ListItem\",\"position\":2,\"name\":\"Nyala Wonder Travel D.M.C. &#8211; Chi siamo\"}]},{\"@type\":\"WebSite\",\"@id\":\"https:\/\/nyalatravel.com\/fr\/#website\",\"url\":\"https:\/\/nyalatravel.com\/fr\/\",\"name\":\"TOUR OPERATOR INCOMING LIGURIA COSTA AZZURRA PROVENZA PIEMONTE\",\"description\":\"Nyala Wonder Travel D.M.C. Sanremo\",\"potentialAction\":[{\"@type\":\"SearchAction\",\"target\":{\"@type\":\"EntryPoint\",\"urlTemplate\":\"https:\/\/nyalatravel.com\/fr\/?s={search_term_string}\"},\"query-input\":{\"@type\":\"PropertyValueSpecification\",\"valueRequired\":true,\"valueName\":\"search_term_string\"}}],\"inLanguage\":\"fr-FR\"}]}<\/script>\n<!-- \/ Yoast SEO plugin. -->","yoast_head_json":{"title":"Nyala Wonder Travel D.M.C. - Chi siamo | TOUR OPERATOR INCOMING LIGURIA COSTA AZZURRA PROVENZA PIEMONTE","description":"NYALA WONDER TRAVEL NYALA WONDER TRAVEL un tour operator incoming specializzato nei viaggi in Liguria Langhe e Costa Azzurra.","robots":{"index":"index","follow":"follow","max-snippet":"max-snippet:-1","max-image-preview":"max-image-preview:large","max-video-preview":"max-video-preview:-1"},"canonical":"https:\/\/nyalatravel.com\/fr\/nyala-wonder-travel\/","og_locale":"fr_FR","og_type":"article","og_title":"Nyala Wonder Travel D.M.C. - Chi siamo | TOUR OPERATOR INCOMING LIGURIA COSTA AZZURRA PROVENZA PIEMONTE","og_description":"NYALA WONDER TRAVEL NYALA WONDER TRAVEL un tour operator incoming specializzato nei viaggi in Liguria Langhe e Costa Azzurra.","og_url":"https:\/\/nyalatravel.com\/fr\/nyala-wonder-travel\/","og_site_name":"TOUR OPERATOR INCOMING LIGURIA COSTA AZZURRA PROVENZA PIEMONTE","article_modified_time":"2021-08-08T17:32:16+00:00","twitter_misc":{"Dur\u00e9e de lecture estim\u00e9e":"4 minutes"},"schema":{"@context":"https:\/\/schema.org","@graph":[{"@type":"WebPage","@id":"https:\/\/nyalatravel.com\/fr\/nyala-wonder-travel\/","url":"https:\/\/nyalatravel.com\/fr\/nyala-wonder-travel\/","name":"Nyala Wonder Travel D.M.C. - Chi siamo | TOUR OPERATOR INCOMING LIGURIA COSTA AZZURRA PROVENZA PIEMONTE","isPartOf":{"@id":"https:\/\/nyalatravel.com\/fr\/#website"},"datePublished":"2011-12-10T18:50:53+00:00","dateModified":"2021-08-08T17:32:16+00:00","description":"NYALA WONDER TRAVEL NYALA WONDER TRAVEL un tour operator incoming specializzato nei viaggi in Liguria Langhe e Costa Azzurra.","breadcrumb":{"@id":"https:\/\/nyalatravel.com\/fr\/nyala-wonder-travel\/#breadcrumb"},"inLanguage":"fr-FR","potentialAction":[{"@type":"ReadAction","target":["https:\/\/nyalatravel.com\/fr\/nyala-wonder-travel\/"]}]},{"@type":"BreadcrumbList","@id":"https:\/\/nyalatravel.com\/fr\/nyala-wonder-travel\/#breadcrumb","itemListElement":[{"@type":"ListItem","position":1,"name":"Home","item":"https:\/\/nyalatravel.com\/fr\/"},{"@type":"ListItem","position":2,"name":"Nyala Wonder Travel D.M.C. &#8211; Chi siamo"}]},{"@type":"WebSite","@id":"https:\/\/nyalatravel.com\/fr\/#website","url":"https:\/\/nyalatravel.com\/fr\/","name":"TOUR OPERATOR INCOMING LIGURIA COSTA AZZURRA PROVENZA PIEMONTE","description":"Nyala Wonder Travel D.M.C. Sanremo","potentialAction":[{"@type":"SearchAction","target":{"@type":"EntryPoint","urlTemplate":"https:\/\/nyalatravel.com\/fr\/?s={search_term_string}"},"query-input":{"@type":"PropertyValueSpecification","valueRequired":true,"valueName":"search_term_string"}}],"inLanguage":"fr-FR"}]}},"_links":{"self":[{"href":"https:\/\/nyalatravel.com\/fr\/wp-json\/wp\/v2\/pages\/1989","targetHints":{"allow":["GET"]}}],"collection":[{"href":"https:\/\/nyalatravel.com\/fr\/wp-json\/wp\/v2\/pages"}],"about":[{"href":"https:\/\/nyalatravel.com\/fr\/wp-json\/wp\/v2\/types\/page"}],"author":[{"embeddable":true,"href":"https:\/\/nyalatravel.com\/fr\/wp-json\/wp\/v2\/users\/1"}],"replies":[{"embeddable":true,"href":"https:\/\/nyalatravel.com\/fr\/wp-json\/wp\/v2\/comments?post=1989"}],"version-history":[{"count":14,"href":"https:\/\/nyalatravel.com\/fr\/wp-json\/wp\/v2\/pages\/1989\/revisions"}],"predecessor-version":[{"id":10733,"href":"https:\/\/nyalatravel.com\/fr\/wp-json\/wp\/v2\/pages\/1989\/revisions\/10733"}],"wp:attachment":[{"href":"https:\/\/nyalatravel.com\/fr\/wp-json\/wp\/v2\/media?parent=1989"}],"curies":[{"name":"wp","href":"https:\/\/api.w.org\/{rel}","templated":true}]}}