{"id":1621,"date":"2011-12-04T07:07:54","date_gmt":"2011-12-04T07:07:54","guid":{"rendered":"http:\/\/www.nyalatravel.com\/wordpress\/?page_id=1621"},"modified":"2016-08-11T09:39:25","modified_gmt":"2016-08-11T09:39:25","slug":"respect-de-la-vie-privee","status":"publish","type":"page","link":"https:\/\/nyalatravel.com\/fr\/respect-de-la-vie-privee\/","title":{"rendered":"Traitement des donn\u00e9es personnelles"},"content":{"rendered":"<p><a class=\"iubenda-white iub-body-embed iubenda-embed\" title=\"Privacy Policy\" href=\"\/\/www.iubenda.com\/privacy-policy\/352030\">Privacy Policy<\/a><script type=\"text\/javascript\">\/\/ <![CDATA[\n(function (w,d) {var loader = function () {var s = d.createElement(\"script\"), tag = d.getElementsByTagName(\"script\")[0]; s.src = \"\/\/cdn.iubenda.com\/iubenda.js\"; tag.parentNode.insertBefore(s,tag);}; if(w.addEventListener){w.addEventListener(\"load\", loader, false);}else if(w.attachEvent){w.attachEvent(\"onload\", loader);}else{w.onload = loader;}})(window, document);\n\/\/ ]]><\/script><\/p>\n<p>&nbsp;<\/p>\n","protected":false},"excerpt":{"rendered":"<p>Privacy Policy &nbsp;<\/p>\n","protected":false},"author":1,"featured_media":0,"parent":0,"menu_order":0,"comment_status":"closed","ping_status":"open","template":"","meta":{"_acf_changed":false,"_et_pb_use_builder":"","_et_pb_old_content":"","_et_gb_content_width":"","footnotes":""},"class_list":["post-1621","page","type-page","status-publish","hentry"],"acf":[],"yoast_head":"<!-- This site is optimized with the Yoast SEO plugin v25.9 - https:\/\/yoast.com\/wordpress\/plugins\/seo\/ -->\n<title>Traitement des donn\u00e9es personnelles | TOUR OPERATOR INCOMING LIGURIA COSTA AZZURRA PROVENZA PIEMONTE<\/title>\n<meta name=\"description\" content=\"D\u00e9couvrez les beaut\u00e9s de Ligurie, Langhe, de la C\u00f4te d&#039;Azur avec nos programmes de nouveau tour-op\u00e9rateur\" \/>\n<meta name=\"robots\" content=\"index, follow, max-snippet:-1, max-image-preview:large, max-video-preview:-1\" \/>\n<link rel=\"canonical\" href=\"https:\/\/nyalatravel.com\/fr\/respect-de-la-vie-privee\/\" \/>\n<meta property=\"og:locale\" content=\"fr_FR\" \/>\n<meta property=\"og:type\" content=\"article\" \/>\n<meta property=\"og:title\" content=\"Traitement des donn\u00e9es personnelles | TOUR OPERATOR INCOMING LIGURIA COSTA AZZURRA PROVENZA PIEMONTE\" \/>\n<meta property=\"og:description\" content=\"D\u00e9couvrez les beaut\u00e9s de Ligurie, Langhe, de la C\u00f4te d&#039;Azur avec nos programmes de nouveau tour-op\u00e9rateur\" \/>\n<meta property=\"og:url\" content=\"https:\/\/nyalatravel.com\/fr\/respect-de-la-vie-privee\/\" \/>\n<meta property=\"og:site_name\" content=\"TOUR OPERATOR INCOMING LIGURIA COSTA AZZURRA PROVENZA PIEMONTE\" \/>\n<meta property=\"article:modified_time\" content=\"2016-08-11T09:39:25+00:00\" \/>\n<script type=\"application\/ld+json\" class=\"yoast-schema-graph\">{\"@context\":\"https:\/\/schema.org\",\"@graph\":[{\"@type\":\"WebPage\",\"@id\":\"https:\/\/nyalatravel.com\/fr\/respect-de-la-vie-privee\/\",\"url\":\"https:\/\/nyalatravel.com\/fr\/respect-de-la-vie-privee\/\",\"name\":\"Traitement des donn\u00e9es personnelles | TOUR OPERATOR INCOMING LIGURIA COSTA AZZURRA PROVENZA PIEMONTE\",\"isPartOf\":{\"@id\":\"https:\/\/nyalatravel.com\/fr\/#website\"},\"datePublished\":\"2011-12-04T07:07:54+00:00\",\"dateModified\":\"2016-08-11T09:39:25+00:00\",\"description\":\"D\u00e9couvrez les beaut\u00e9s de Ligurie, Langhe, de la C\u00f4te d'Azur avec nos programmes de nouveau tour-op\u00e9rateur\",\"breadcrumb\":{\"@id\":\"https:\/\/nyalatravel.com\/fr\/respect-de-la-vie-privee\/#breadcrumb\"},\"inLanguage\":\"fr-FR\",\"potentialAction\":[{\"@type\":\"ReadAction\",\"target\":[\"https:\/\/nyalatravel.com\/fr\/respect-de-la-vie-privee\/\"]}]},{\"@type\":\"BreadcrumbList\",\"@id\":\"https:\/\/nyalatravel.com\/fr\/respect-de-la-vie-privee\/#breadcrumb\",\"itemListElement\":[{\"@type\":\"ListItem\",\"position\":1,\"name\":\"Home\",\"item\":\"https:\/\/nyalatravel.com\/fr\/\"},{\"@type\":\"ListItem\",\"position\":2,\"name\":\"Traitement des donn\u00e9es personnelles\"}]},{\"@type\":\"WebSite\",\"@id\":\"https:\/\/nyalatravel.com\/fr\/#website\",\"url\":\"https:\/\/nyalatravel.com\/fr\/\",\"name\":\"TOUR OPERATOR INCOMING LIGURIA COSTA AZZURRA PROVENZA PIEMONTE\",\"description\":\"Nyala Wonder Travel D.M.C. Sanremo\",\"potentialAction\":[{\"@type\":\"SearchAction\",\"target\":{\"@type\":\"EntryPoint\",\"urlTemplate\":\"https:\/\/nyalatravel.com\/fr\/?s={search_term_string}\"},\"query-input\":{\"@type\":\"PropertyValueSpecification\",\"valueRequired\":true,\"valueName\":\"search_term_string\"}}],\"inLanguage\":\"fr-FR\"}]}<\/script>\n<!-- \/ Yoast SEO plugin. -->","yoast_head_json":{"title":"Traitement des donn\u00e9es personnelles | TOUR OPERATOR INCOMING LIGURIA COSTA AZZURRA PROVENZA PIEMONTE","description":"D\u00e9couvrez les beaut\u00e9s de Ligurie, Langhe, de la C\u00f4te d'Azur avec nos programmes de nouveau tour-op\u00e9rateur","robots":{"index":"index","follow":"follow","max-snippet":"max-snippet:-1","max-image-preview":"max-image-preview:large","max-video-preview":"max-video-preview:-1"},"canonical":"https:\/\/nyalatravel.com\/fr\/respect-de-la-vie-privee\/","og_locale":"fr_FR","og_type":"article","og_title":"Traitement des donn\u00e9es personnelles | TOUR OPERATOR INCOMING LIGURIA COSTA AZZURRA PROVENZA PIEMONTE","og_description":"D\u00e9couvrez les beaut\u00e9s de Ligurie, Langhe, de la C\u00f4te d'Azur avec nos programmes de nouveau tour-op\u00e9rateur","og_url":"https:\/\/nyalatravel.com\/fr\/respect-de-la-vie-privee\/","og_site_name":"TOUR OPERATOR INCOMING LIGURIA COSTA AZZURRA PROVENZA PIEMONTE","article_modified_time":"2016-08-11T09:39:25+00:00","schema":{"@context":"https:\/\/schema.org","@graph":[{"@type":"WebPage","@id":"https:\/\/nyalatravel.com\/fr\/respect-de-la-vie-privee\/","url":"https:\/\/nyalatravel.com\/fr\/respect-de-la-vie-privee\/","name":"Traitement des donn\u00e9es personnelles | TOUR OPERATOR INCOMING LIGURIA COSTA AZZURRA PROVENZA PIEMONTE","isPartOf":{"@id":"https:\/\/nyalatravel.com\/fr\/#website"},"datePublished":"2011-12-04T07:07:54+00:00","dateModified":"2016-08-11T09:39:25+00:00","description":"D\u00e9couvrez les beaut\u00e9s de Ligurie, Langhe, de la C\u00f4te d'Azur avec nos programmes de nouveau tour-op\u00e9rateur","breadcrumb":{"@id":"https:\/\/nyalatravel.com\/fr\/respect-de-la-vie-privee\/#breadcrumb"},"inLanguage":"fr-FR","potentialAction":[{"@type":"ReadAction","target":["https:\/\/nyalatravel.com\/fr\/respect-de-la-vie-privee\/"]}]},{"@type":"BreadcrumbList","@id":"https:\/\/nyalatravel.com\/fr\/respect-de-la-vie-privee\/#breadcrumb","itemListElement":[{"@type":"ListItem","position":1,"name":"Home","item":"https:\/\/nyalatravel.com\/fr\/"},{"@type":"ListItem","position":2,"name":"Traitement des donn\u00e9es personnelles"}]},{"@type":"WebSite","@id":"https:\/\/nyalatravel.com\/fr\/#website","url":"https:\/\/nyalatravel.com\/fr\/","name":"TOUR OPERATOR INCOMING LIGURIA COSTA AZZURRA PROVENZA PIEMONTE","description":"Nyala Wonder Travel D.M.C. Sanremo","potentialAction":[{"@type":"SearchAction","target":{"@type":"EntryPoint","urlTemplate":"https:\/\/nyalatravel.com\/fr\/?s={search_term_string}"},"query-input":{"@type":"PropertyValueSpecification","valueRequired":true,"valueName":"search_term_string"}}],"inLanguage":"fr-FR"}]}},"_links":{"self":[{"href":"https:\/\/nyalatravel.com\/fr\/wp-json\/wp\/v2\/pages\/1621","targetHints":{"allow":["GET"]}}],"collection":[{"href":"https:\/\/nyalatravel.com\/fr\/wp-json\/wp\/v2\/pages"}],"about":[{"href":"https:\/\/nyalatravel.com\/fr\/wp-json\/wp\/v2\/types\/page"}],"author":[{"embeddable":true,"href":"https:\/\/nyalatravel.com\/fr\/wp-json\/wp\/v2\/users\/1"}],"replies":[{"embeddable":true,"href":"https:\/\/nyalatravel.com\/fr\/wp-json\/wp\/v2\/comments?post=1621"}],"version-history":[{"count":10,"href":"https:\/\/nyalatravel.com\/fr\/wp-json\/wp\/v2\/pages\/1621\/revisions"}],"predecessor-version":[{"id":6945,"href":"https:\/\/nyalatravel.com\/fr\/wp-json\/wp\/v2\/pages\/1621\/revisions\/6945"}],"wp:attachment":[{"href":"https:\/\/nyalatravel.com\/fr\/wp-json\/wp\/v2\/media?parent=1621"}],"curies":[{"name":"wp","href":"https:\/\/api.w.org\/{rel}","templated":true}]}}