{"id":7590,"date":"2019-11-11T10:54:55","date_gmt":"2019-11-11T10:54:55","guid":{"rendered":"https:\/\/www.nyalatravel.com\/?page_id=7590"},"modified":"2021-08-08T16:49:18","modified_gmt":"2021-08-08T16:49:18","slug":"home","status":"publish","type":"page","link":"https:\/\/nyalatravel.com\/de\/home\/","title":{"rendered":"NYALA WONDER TRAVEL D.M.C. &#8211; Home Page"},"content":{"rendered":"<p>[et_pb_section fb_built=&#8220;1&#8243; _builder_version=&#8220;3.29.3&#8243; custom_padding=&#8220;||0px|||&#8220; global_module=&#8220;10692&#8243;][et_pb_row _builder_version=&#8220;3.29.3&#8243; width=&#8220;100%&#8220; max_width=&#8220;100%&#8220; custom_padding=&#8220;0px||0px||false|false&#8220;][et_pb_column type=&#8220;4_4&#8243; _builder_version=&#8220;3.25&#8243; custom_padding=&#8220;|||&#8220; custom_padding__hover=&#8220;|||&#8220;][et_pb_video src=&#8220;https:\/\/nyalatravel.com\/wp-content\/uploads\/2020\/04\/liguria-sinfoniadisapori.mp4&#8243; thumbnail_overlay_color=&#8220;rgba(0,0,0,0.6)&#8220; _builder_version=&#8220;3.29.3&#8243; custom_margin=&#8220;-55px|||||&#8220;][\/et_pb_video][\/et_pb_column][\/et_pb_row][\/et_pb_section][et_pb_section fb_built=&#8220;1&#8243; module_id=&#8220;slider-de&#8220; _builder_version=&#8220;3.29.3&#8243; custom_padding=&#8220;0px||3px|||&#8220; global_module=&#8220;10709&#8243;][et_pb_row _builder_version=&#8220;3.29.3&#8243;][et_pb_column type=&#8220;4_4&#8243; _builder_version=&#8220;3.25&#8243; custom_padding=&#8220;|||&#8220; custom_padding__hover=&#8220;|||&#8220;][et_pb_text _builder_version=&#8220;3.29.3&#8243; header_4_line_height=&#8220;30px&#8220;]<\/p>\n<h1>NYALA WONDER TRAVEL D.M.C.<\/h1>\n<p>.<\/p>\n<h2>Unsere Destination Management Company ist seit 2001 im Incoming-Bereich in Italien, S\u00fcdfrankreich und dem F\u00fcrstentum Monaco t\u00e4tig.\u00a0<\/h2>\n<h2>Wir stehen Ihnen zur Verf\u00fcgung, um die gesamte Palette von Dienstleistungen im Zusammenhang mit der Organisation von Einzel- und Gruppenreisen, Firmentreffen und Kongressen sowie Sportveranstaltungen und Hochzeiten zu verwalten.<\/h2>\n<p>[\/et_pb_text][\/et_pb_column][\/et_pb_row][et_pb_row column_structure=&#8220;2_3,1_3&#8243; _builder_version=&#8220;3.29.3&#8243; custom_padding=&#8220;||0px|||&#8220;][et_pb_column type=&#8220;2_3&#8243; _builder_version=&#8220;3.29.3&#8243;][et_pb_text _builder_version=&#8220;3.29.3&#8243; min_height=&#8220;292px&#8220; custom_padding=&#8220;||1px|||&#8220;]<\/p>\n<p><span style=\"font-size: large;\"><strong>Wir sind spezialisiert auf die italienische und franz\u00f6sische Riviera, wo wir alle Geheimnisse kennen! <\/strong><\/span><\/p>\n<p><span style=\"font-size: large;\">Es gibt viele Gr\u00fcnde, eine Reise nach Ligurien und an die C\u00f4te d&#8217;Azur zu unternehmen: das milde Klima, die botanischen G\u00e4rten und Blumen der Riviera, die kulinarischen und weinbaulichen Sch\u00e4tze und D\u00fcfte des Hinterlandes, die Weltoffenheit der ber\u00fchmtesten Urlaubsorte sowie eine Reihe von erstklassigen Dienstleistungen: Hotels, Restaurants, Museen, Weinkeller und \u00d6lm\u00fchlen.<\/span><\/p>\n<p><span style=\"font-size: large;\"><strong>Unsere St\u00e4rke ist, dass wir nur das Gebiet anbieten, in dem wir leben. Der Mehrwert unserer Dienstleistung ist unsere jahrzehntelange Erfahrung im Empfang von Touristen aus aller Welt in unserem Land.<\/p>\n<p><strong> <\/strong><\/p>\n<p>&nbsp;<\/p>\n<p>[\/et_pb_text][\/et_pb_column][et_pb_column type=&#8220;1_3&#8243; _builder_version=&#8220;3.29.3&#8243;][et_pb_blurb title=&#8220;MASSGESCHNEIDERTE REISEPAKETE F\u00dcR EINZELPERSONEN UND GRUPPEN&#8220; use_icon=&#8220;on&#8220; font_icon=&#8220;%%32%%&#8220; icon_placement=&#8220;left&#8220; _builder_version=&#8220;3.29.3&#8243;][\/et_pb_blurb][et_pb_blurb title=&#8220;ORGANISATION VON FIRMENTREFFEN UND -KONGRESSEN, INCENTIVES UND TEAMBUILDINGS&#8220; use_icon=&#8220;on&#8220; font_icon=&#8220;%%32%%&#8220; icon_placement=&#8220;left&#8220; _builder_version=&#8220;3.29.3&#8243;][\/et_pb_blurb][et_pb_blurb title=&#8220;HOCHZEITS- UND EVENTPLANER&#8220; use_icon=&#8220;on&#8220; font_icon=&#8220;%%32%%&#8220; icon_placement=&#8220;left&#8220; _builder_version=&#8220;3.29.3&#8243;][\/et_pb_blurb][et_pb_blurb title=&#8220;ORGANISATION VON SPORTVERANSTALTUNGEN&#8220; use_icon=&#8220;on&#8220; font_icon=&#8220;%%32%%&#8220; icon_placement=&#8220;left&#8220; _builder_version=&#8220;3.29.3&#8243;][\/et_pb_blurb][\/et_pb_column][\/et_pb_row][et_pb_row _builder_version=&#8220;3.29.3&#8243;][et_pb_column type=&#8220;4_4&#8243; _builder_version=&#8220;3.29.3&#8243;][et_pb_testimonial _builder_version=&#8220;3.29.3&#8243;]<\/p>\n<blockquote>\n<p><span style=\"font-size: 14pt;\">Unsere Spezialisierung ist nicht ein bestimmtes Marktsegment, sondern ein Reiseziel, das von Ligurien bis zum Piemont, von Monaco und der C\u00f4te d&#8217;Azur bis zur Provence reicht.<\/span><\/p>\n<\/blockquote>\n<p>[\/et_pb_testimonial][\/et_pb_column][\/et_pb_row][et_pb_row column_structure=&#8220;1_6,1_6,1_6,1_2&#8243; _builder_version=&#8220;3.29.3&#8243;][et_pb_column type=&#8220;1_6&#8243; _builder_version=&#8220;3.29.3&#8243;][\/et_pb_column][et_pb_column type=&#8220;1_6&#8243; _builder_version=&#8220;3.29.3&#8243;][et_pb_blurb title=&#8220;LIGURIEN&#8220; use_icon=&#8220;on&#8220; font_icon=&#8220;%%122%%&#8220; icon_placement=&#8220;left&#8220; _builder_version=&#8220;3.29.3&#8243;][\/et_pb_blurb][et_pb_blurb title=&#8220;PIEDMONT&#8220; use_icon=&#8220;on&#8220; font_icon=&#8220;%%122%%&#8220; icon_placement=&#8220;left&#8220; _builder_version=&#8220;3.29.3&#8243;][\/et_pb_blurb][et_pb_blurb title=&#8220;F\u00dcRSTENTUM MONACO&#8220; use_icon=&#8220;on&#8220; font_icon=&#8220;%%122%%&#8220; icon_placement=&#8220;left&#8220; _builder_version=&#8220;3.29.3&#8243;][\/et_pb_blurb][et_pb_blurb title=&#8220;FRANZ\u00d6SISCHES RIVIERA&#8220; use_icon=&#8220;on&#8220; font_icon=&#8220;%%122%%&#8220; icon_placement=&#8220;left&#8220; _builder_version=&#8220;3.29.3&#8243;][\/et_pb_blurb][et_pb_blurb title=&#8220;PROVENCE&#8220; use_icon=&#8220;on&#8220; font_icon=&#8220;%%122%%&#8220; icon_placement=&#8220;left&#8220; _builder_version=&#8220;3.29.3&#8243;][\/et_pb_blurb][\/et_pb_column][et_pb_column type=&#8220;1_6&#8243; _builder_version=&#8220;3.29.3&#8243;][\/et_pb_column][et_pb_column type=&#8220;1_2&#8243; _builder_version=&#8220;3.29.3&#8243;][et_pb_image src=&#8220;https:\/\/nyalatravel.com\/wp-content\/uploads\/2020\/04\/nyala-travel-dmc-map-e1568136520576-1.png&#8220; admin_label=&#8220;Immagine&#8220; _builder_version=&#8220;3.29.3&#8243; background_color=&#8220;rgba(0,0,0,0)&#8220;][\/et_pb_image][\/et_pb_column][\/et_pb_row][\/et_pb_section]<\/p>\n","protected":false},"excerpt":{"rendered":"<p>NYALA WONDER TRAVEL D.M.C.. Unsere Destination Management Company ist seit 2001 im Incoming-Bereich in Italien, S\u00fcdfrankreich und dem F\u00fcrstentum Monaco t\u00e4tig.\u00a0 Wir stehen Ihnen zur Verf\u00fcgung, um die gesamte Palette von Dienstleistungen im Zusammenhang mit der Organisation von Einzel- und Gruppenreisen, Firmentreffen und Kongressen sowie Sportveranstaltungen und Hochzeiten zu verwalten.Wir sind spezialisiert auf die italienische [&hellip;]<\/p>\n","protected":false},"author":1,"featured_media":0,"parent":0,"menu_order":0,"comment_status":"closed","ping_status":"closed","template":"","meta":{"_acf_changed":false,"_et_pb_use_builder":"on","_et_pb_old_content":"","_et_gb_content_width":"","footnotes":""},"class_list":["post-7590","page","type-page","status-publish","hentry"],"acf":[],"yoast_head":"<!-- This site is optimized with the Yoast SEO plugin v25.9 - https:\/\/yoast.com\/wordpress\/plugins\/seo\/ -->\n<title>NYALA WONDER TRAVEL D.M.C. - Home Page | TOUR OPERATOR INCOMING LIGURIA COSTA AZZURRA PROVENZA PIEMONTE<\/title>\n<meta name=\"robots\" content=\"index, follow, max-snippet:-1, max-image-preview:large, max-video-preview:-1\" \/>\n<link rel=\"canonical\" href=\"https:\/\/nyalatravel.com\/de\/home\/\" \/>\n<meta property=\"og:locale\" content=\"de_DE\" \/>\n<meta property=\"og:type\" content=\"article\" \/>\n<meta property=\"og:title\" content=\"NYALA WONDER TRAVEL D.M.C. - Home Page | TOUR OPERATOR INCOMING LIGURIA COSTA AZZURRA PROVENZA PIEMONTE\" \/>\n<meta property=\"og:description\" content=\"NYALA WONDER TRAVEL D.M.C.. Unsere Destination Management Company ist seit 2001 im Incoming-Bereich in Italien, S\u00fcdfrankreich und dem F\u00fcrstentum Monaco t\u00e4tig.\u00a0 Wir stehen Ihnen zur Verf\u00fcgung, um die gesamte Palette von Dienstleistungen im Zusammenhang mit der Organisation von Einzel- und Gruppenreisen, Firmentreffen und Kongressen sowie Sportveranstaltungen und Hochzeiten zu verwalten.Wir sind spezialisiert auf die italienische [&hellip;]\" \/>\n<meta property=\"og:url\" content=\"https:\/\/nyalatravel.com\/de\/home\/\" \/>\n<meta property=\"og:site_name\" content=\"TOUR OPERATOR INCOMING LIGURIA COSTA AZZURRA PROVENZA PIEMONTE\" \/>\n<meta property=\"article:modified_time\" content=\"2021-08-08T16:49:18+00:00\" \/>\n<meta name=\"twitter:label1\" content=\"Gesch\u00e4tzte Lesezeit\" \/>\n\t<meta name=\"twitter:data1\" content=\"3\u00a0Minuten\" \/>\n<script type=\"application\/ld+json\" class=\"yoast-schema-graph\">{\"@context\":\"https:\/\/schema.org\",\"@graph\":[{\"@type\":\"WebPage\",\"@id\":\"https:\/\/nyalatravel.com\/de\/home\/\",\"url\":\"https:\/\/nyalatravel.com\/de\/home\/\",\"name\":\"NYALA WONDER TRAVEL D.M.C. - Home Page | TOUR OPERATOR INCOMING LIGURIA COSTA AZZURRA PROVENZA PIEMONTE\",\"isPartOf\":{\"@id\":\"https:\/\/nyalatravel.com\/de\/#website\"},\"datePublished\":\"2019-11-11T10:54:55+00:00\",\"dateModified\":\"2021-08-08T16:49:18+00:00\",\"breadcrumb\":{\"@id\":\"https:\/\/nyalatravel.com\/de\/home\/#breadcrumb\"},\"inLanguage\":\"de\",\"potentialAction\":[{\"@type\":\"ReadAction\",\"target\":[\"https:\/\/nyalatravel.com\/de\/home\/\"]}]},{\"@type\":\"BreadcrumbList\",\"@id\":\"https:\/\/nyalatravel.com\/de\/home\/#breadcrumb\",\"itemListElement\":[{\"@type\":\"ListItem\",\"position\":1,\"name\":\"Home\",\"item\":\"https:\/\/nyalatravel.com\/de\/\"},{\"@type\":\"ListItem\",\"position\":2,\"name\":\"NYALA WONDER TRAVEL D.M.C. &#8211; Home Page\"}]},{\"@type\":\"WebSite\",\"@id\":\"https:\/\/nyalatravel.com\/de\/#website\",\"url\":\"https:\/\/nyalatravel.com\/de\/\",\"name\":\"TOUR OPERATOR INCOMING LIGURIA COSTA AZZURRA PROVENZA PIEMONTE\",\"description\":\"Nyala Wonder Travel D.M.C. Sanremo\",\"potentialAction\":[{\"@type\":\"SearchAction\",\"target\":{\"@type\":\"EntryPoint\",\"urlTemplate\":\"https:\/\/nyalatravel.com\/de\/?s={search_term_string}\"},\"query-input\":{\"@type\":\"PropertyValueSpecification\",\"valueRequired\":true,\"valueName\":\"search_term_string\"}}],\"inLanguage\":\"de\"}]}<\/script>\n<!-- \/ Yoast SEO plugin. -->","yoast_head_json":{"title":"NYALA WONDER TRAVEL D.M.C. - Home Page | TOUR OPERATOR INCOMING LIGURIA COSTA AZZURRA PROVENZA PIEMONTE","robots":{"index":"index","follow":"follow","max-snippet":"max-snippet:-1","max-image-preview":"max-image-preview:large","max-video-preview":"max-video-preview:-1"},"canonical":"https:\/\/nyalatravel.com\/de\/home\/","og_locale":"de_DE","og_type":"article","og_title":"NYALA WONDER TRAVEL D.M.C. - Home Page | TOUR OPERATOR INCOMING LIGURIA COSTA AZZURRA PROVENZA PIEMONTE","og_description":"NYALA WONDER TRAVEL D.M.C.. Unsere Destination Management Company ist seit 2001 im Incoming-Bereich in Italien, S\u00fcdfrankreich und dem F\u00fcrstentum Monaco t\u00e4tig.\u00a0 Wir stehen Ihnen zur Verf\u00fcgung, um die gesamte Palette von Dienstleistungen im Zusammenhang mit der Organisation von Einzel- und Gruppenreisen, Firmentreffen und Kongressen sowie Sportveranstaltungen und Hochzeiten zu verwalten.Wir sind spezialisiert auf die italienische [&hellip;]","og_url":"https:\/\/nyalatravel.com\/de\/home\/","og_site_name":"TOUR OPERATOR INCOMING LIGURIA COSTA AZZURRA PROVENZA PIEMONTE","article_modified_time":"2021-08-08T16:49:18+00:00","twitter_misc":{"Gesch\u00e4tzte Lesezeit":"3\u00a0Minuten"},"schema":{"@context":"https:\/\/schema.org","@graph":[{"@type":"WebPage","@id":"https:\/\/nyalatravel.com\/de\/home\/","url":"https:\/\/nyalatravel.com\/de\/home\/","name":"NYALA WONDER TRAVEL D.M.C. - Home Page | TOUR OPERATOR INCOMING LIGURIA COSTA AZZURRA PROVENZA PIEMONTE","isPartOf":{"@id":"https:\/\/nyalatravel.com\/de\/#website"},"datePublished":"2019-11-11T10:54:55+00:00","dateModified":"2021-08-08T16:49:18+00:00","breadcrumb":{"@id":"https:\/\/nyalatravel.com\/de\/home\/#breadcrumb"},"inLanguage":"de","potentialAction":[{"@type":"ReadAction","target":["https:\/\/nyalatravel.com\/de\/home\/"]}]},{"@type":"BreadcrumbList","@id":"https:\/\/nyalatravel.com\/de\/home\/#breadcrumb","itemListElement":[{"@type":"ListItem","position":1,"name":"Home","item":"https:\/\/nyalatravel.com\/de\/"},{"@type":"ListItem","position":2,"name":"NYALA WONDER TRAVEL D.M.C. &#8211; Home Page"}]},{"@type":"WebSite","@id":"https:\/\/nyalatravel.com\/de\/#website","url":"https:\/\/nyalatravel.com\/de\/","name":"TOUR OPERATOR INCOMING LIGURIA COSTA AZZURRA PROVENZA PIEMONTE","description":"Nyala Wonder Travel D.M.C. Sanremo","potentialAction":[{"@type":"SearchAction","target":{"@type":"EntryPoint","urlTemplate":"https:\/\/nyalatravel.com\/de\/?s={search_term_string}"},"query-input":{"@type":"PropertyValueSpecification","valueRequired":true,"valueName":"search_term_string"}}],"inLanguage":"de"}]}},"_links":{"self":[{"href":"https:\/\/nyalatravel.com\/de\/wp-json\/wp\/v2\/pages\/7590","targetHints":{"allow":["GET"]}}],"collection":[{"href":"https:\/\/nyalatravel.com\/de\/wp-json\/wp\/v2\/pages"}],"about":[{"href":"https:\/\/nyalatravel.com\/de\/wp-json\/wp\/v2\/types\/page"}],"author":[{"embeddable":true,"href":"https:\/\/nyalatravel.com\/de\/wp-json\/wp\/v2\/users\/1"}],"replies":[{"embeddable":true,"href":"https:\/\/nyalatravel.com\/de\/wp-json\/wp\/v2\/comments?post=7590"}],"version-history":[{"count":10,"href":"https:\/\/nyalatravel.com\/de\/wp-json\/wp\/v2\/pages\/7590\/revisions"}],"predecessor-version":[{"id":10715,"href":"https:\/\/nyalatravel.com\/de\/wp-json\/wp\/v2\/pages\/7590\/revisions\/10715"}],"wp:attachment":[{"href":"https:\/\/nyalatravel.com\/de\/wp-json\/wp\/v2\/media?parent=7590"}],"curies":[{"name":"wp","href":"https:\/\/api.w.org\/{rel}","templated":true}]}}