{"id":1991,"date":"2011-12-10T18:50:53","date_gmt":"2011-12-10T18:50:53","guid":{"rendered":"http:\/\/www.nyalatravel.com\/wordpress\/?page_id=1991"},"modified":"2021-08-08T17:50:57","modified_gmt":"2021-08-08T17:50:57","slug":"nyala-wonder-travel","status":"publish","type":"page","link":"https:\/\/nyalatravel.com\/de\/nyala-wonder-travel\/","title":{"rendered":"Nyala Wonder Travel D.M.C. &#8211; Uber uns"},"content":{"rendered":"<p>[et_pb_section fb_built=&#8220;1&#8243; module_id=&#8220;slider-de&#8220; _builder_version=&#8220;3.29.3&#8243; custom_padding=&#8220;0px||3px|||&#8220; global_module=&#8220;10709&#8243;][et_pb_row _builder_version=&#8220;3.29.3&#8243;][et_pb_column type=&#8220;4_4&#8243; _builder_version=&#8220;3.25&#8243; custom_padding=&#8220;|||&#8220; custom_padding__hover=&#8220;|||&#8220;][et_pb_text _builder_version=&#8220;3.29.3&#8243; header_4_line_height=&#8220;30px&#8220;]<\/p>\n<h1>NYALA WONDER TRAVEL D.M.C.<\/h1>\n<p>.<\/p>\n<h2>Unsere Destination Management Company ist seit 2001 im Incoming-Bereich in Italien, S\u00fcdfrankreich und dem F\u00fcrstentum Monaco t\u00e4tig.\u00a0<\/h2>\n<h2>Wir stehen Ihnen zur Verf\u00fcgung, um die gesamte Palette von Dienstleistungen im Zusammenhang mit der Organisation von Einzel- und Gruppenreisen, Firmentreffen und Kongressen sowie Sportveranstaltungen und Hochzeiten zu verwalten.<\/h2>\n<p>[\/et_pb_text][\/et_pb_column][\/et_pb_row][et_pb_row column_structure=&#8220;2_3,1_3&#8243; _builder_version=&#8220;3.29.3&#8243; custom_padding=&#8220;||0px|||&#8220;][et_pb_column type=&#8220;2_3&#8243; _builder_version=&#8220;3.29.3&#8243;][et_pb_text _builder_version=&#8220;3.29.3&#8243; min_height=&#8220;292px&#8220; custom_padding=&#8220;||1px|||&#8220;]<\/p>\n<p><span style=\"font-size: large;\"><strong>Wir sind spezialisiert auf die italienische und franz\u00f6sische Riviera, wo wir alle Geheimnisse kennen! <\/strong><\/span><\/p>\n<p><span style=\"font-size: large;\">Es gibt viele Gr\u00fcnde, eine Reise nach Ligurien und an die C\u00f4te d&#8217;Azur zu unternehmen: das milde Klima, die botanischen G\u00e4rten und Blumen der Riviera, die kulinarischen und weinbaulichen Sch\u00e4tze und D\u00fcfte des Hinterlandes, die Weltoffenheit der ber\u00fchmtesten Urlaubsorte sowie eine Reihe von erstklassigen Dienstleistungen: Hotels, Restaurants, Museen, Weinkeller und \u00d6lm\u00fchlen.<\/span><\/p>\n<p><span style=\"font-size: large;\"><strong>Unsere St\u00e4rke ist, dass wir nur das Gebiet anbieten, in dem wir leben. Der Mehrwert unserer Dienstleistung ist unsere jahrzehntelange Erfahrung im Empfang von Touristen aus aller Welt in unserem Land.<\/p>\n<p><strong> <\/strong><\/p>\n<p>&nbsp;<\/p>\n<p>[\/et_pb_text][\/et_pb_column][et_pb_column type=&#8220;1_3&#8243; _builder_version=&#8220;3.29.3&#8243;][et_pb_blurb title=&#8220;MASSGESCHNEIDERTE REISEPAKETE F\u00dcR EINZELPERSONEN UND GRUPPEN&#8220; use_icon=&#8220;on&#8220; font_icon=&#8220;%%32%%&#8220; icon_placement=&#8220;left&#8220; _builder_version=&#8220;3.29.3&#8243;][\/et_pb_blurb][et_pb_blurb title=&#8220;ORGANISATION VON FIRMENTREFFEN UND -KONGRESSEN, INCENTIVES UND TEAMBUILDINGS&#8220; use_icon=&#8220;on&#8220; font_icon=&#8220;%%32%%&#8220; icon_placement=&#8220;left&#8220; _builder_version=&#8220;3.29.3&#8243;][\/et_pb_blurb][et_pb_blurb title=&#8220;HOCHZEITS- UND EVENTPLANER&#8220; use_icon=&#8220;on&#8220; font_icon=&#8220;%%32%%&#8220; icon_placement=&#8220;left&#8220; _builder_version=&#8220;3.29.3&#8243;][\/et_pb_blurb][et_pb_blurb title=&#8220;ORGANISATION VON SPORTVERANSTALTUNGEN&#8220; use_icon=&#8220;on&#8220; font_icon=&#8220;%%32%%&#8220; icon_placement=&#8220;left&#8220; _builder_version=&#8220;3.29.3&#8243;][\/et_pb_blurb][\/et_pb_column][\/et_pb_row][et_pb_row _builder_version=&#8220;3.29.3&#8243;][et_pb_column type=&#8220;4_4&#8243; _builder_version=&#8220;3.29.3&#8243;][et_pb_testimonial _builder_version=&#8220;3.29.3&#8243;]<\/p>\n<blockquote>\n<p><span style=\"font-size: 14pt;\">Unsere Spezialisierung ist nicht ein bestimmtes Marktsegment, sondern ein Reiseziel, das von Ligurien bis zum Piemont, von Monaco und der C\u00f4te d&#8217;Azur bis zur Provence reicht.<\/span><\/p>\n<\/blockquote>\n<p>[\/et_pb_testimonial][\/et_pb_column][\/et_pb_row][et_pb_row column_structure=&#8220;1_6,1_6,1_6,1_2&#8243; _builder_version=&#8220;3.29.3&#8243;][et_pb_column type=&#8220;1_6&#8243; _builder_version=&#8220;3.29.3&#8243;][\/et_pb_column][et_pb_column type=&#8220;1_6&#8243; _builder_version=&#8220;3.29.3&#8243;][et_pb_blurb title=&#8220;LIGURIEN&#8220; use_icon=&#8220;on&#8220; font_icon=&#8220;%%122%%&#8220; icon_placement=&#8220;left&#8220; _builder_version=&#8220;3.29.3&#8243;][\/et_pb_blurb][et_pb_blurb title=&#8220;PIEDMONT&#8220; use_icon=&#8220;on&#8220; font_icon=&#8220;%%122%%&#8220; icon_placement=&#8220;left&#8220; _builder_version=&#8220;3.29.3&#8243;][\/et_pb_blurb][et_pb_blurb title=&#8220;F\u00dcRSTENTUM MONACO&#8220; use_icon=&#8220;on&#8220; font_icon=&#8220;%%122%%&#8220; icon_placement=&#8220;left&#8220; _builder_version=&#8220;3.29.3&#8243;][\/et_pb_blurb][et_pb_blurb title=&#8220;FRANZ\u00d6SISCHES RIVIERA&#8220; use_icon=&#8220;on&#8220; font_icon=&#8220;%%122%%&#8220; icon_placement=&#8220;left&#8220; _builder_version=&#8220;3.29.3&#8243;][\/et_pb_blurb][et_pb_blurb title=&#8220;PROVENCE&#8220; use_icon=&#8220;on&#8220; font_icon=&#8220;%%122%%&#8220; icon_placement=&#8220;left&#8220; _builder_version=&#8220;3.29.3&#8243;][\/et_pb_blurb][\/et_pb_column][et_pb_column type=&#8220;1_6&#8243; _builder_version=&#8220;3.29.3&#8243;][\/et_pb_column][et_pb_column type=&#8220;1_2&#8243; _builder_version=&#8220;3.29.3&#8243;][et_pb_image src=&#8220;https:\/\/nyalatravel.com\/wp-content\/uploads\/2020\/04\/nyala-travel-dmc-map-e1568136520576-1.png&#8220; admin_label=&#8220;Immagine&#8220; _builder_version=&#8220;3.29.3&#8243; background_color=&#8220;rgba(0,0,0,0)&#8220;][\/et_pb_image][\/et_pb_column][\/et_pb_row][\/et_pb_section]<\/p>\n","protected":false},"excerpt":{"rendered":"<p>NYALA WONDER TRAVEL D.M.C.. Unsere Destination Management Company ist seit 2001 im Incoming-Bereich in Italien, S\u00fcdfrankreich und dem F\u00fcrstentum Monaco t\u00e4tig.\u00a0 Wir stehen Ihnen zur Verf\u00fcgung, um die gesamte Palette von Dienstleistungen im Zusammenhang mit der Organisation von Einzel- und Gruppenreisen, Firmentreffen und Kongressen sowie Sportveranstaltungen und Hochzeiten zu verwalten.Wir sind spezialisiert auf die italienische [&hellip;]<\/p>\n","protected":false},"author":1,"featured_media":0,"parent":0,"menu_order":0,"comment_status":"closed","ping_status":"open","template":"","meta":{"_acf_changed":false,"_et_pb_use_builder":"on","_et_pb_old_content":"<h2><strong>Nyala Wonder Travel nasce a Sanremo<\/strong>, nel 2001 per rispondere alle prime richieste di un turismo nuovo e maggiormente consapevole delle tipicit\u00e0 offerte dalla Liguria e della vicina Costa Azzurra.<\/h2><h2>Da allora offriamo suggerimenti, consigli, informazioni e prenotazioni per una clientela esigente che richiede soggiorni ricchi di esperienze ed emozioni.<!--more--><\/h2><p>I servizi offerti sono cresciuti con le nostre conoscenze e la nostra offerta si \u00e8 allargata negli anni al Piemonte, alla Costa Azzurra \u00a0ed infine a tutta Italia.<\/p><p>Siamo in grado di fornire informazioni e prenotazioni per:<\/p><ul><li>Hotels e residence, bed and breakfast,\u00a0agriturismi, appartamenti<\/li><li>Ristoranti e serate di gala<\/li><li>Guide ed accompagnatori turistici<\/li><li>Trasferimenti<\/li><li>Noleggi di auto, minibus e autobus gran turismo<\/li><li>Organizzazione di viaggi incentives<\/li><li>Organizzazione di meeting e congressi<\/li><li>Organizzazione di eventi<\/li><li>Organizzazione di matrimoni<\/li><\/ul><p>La scelta di non fornire un turismo di massa ed indifferenziato ci porta a sviluppare continuamente nuovi prodotti che rispondano alle esigenze di segmenti di clientela ben delineati.<\/p><p>Per il turismo organizzato e i gruppi proponiamo sin dal 2001 il nostro programma <strong><a href=\"https:\/\/www.rivieradivina.it\/\">Riviera Divina<\/a><\/strong>, che\u00a0 si ispira alla migliore tradizione della dieta mediterranea, fa sentire la brezza marina quando lo si sfoglia e profuma di fiori ed erbe aromatiche.<\/p><p>Il nostro territorio \u00e8 l'ideale per gli sport all'aria aperta, grazie al clima sempre mite e presto sar\u00e0 dotato di una spettacolare pista ciclabile a picco sul mare, questo ci ha portato nel 2005 alla creazione del sito\u00a0<strong><a href=\"https:\/\/www.rivierabiking.it\/\">Riviera Biking<\/a><\/strong>, dove potrete trovare tutte le informazioni per gli amanti della bicicletta e degli sport outdoor.<\/p><p>Nel 2009 abbiamo varato il programma <strong><a title=\"Matrimoni in Liguria\" href=\"https:\/\/weddings.rivieradivina.it\">Riviera Divina Weddings<\/a><\/strong>, che offre alle coppie che desiderano organizzare il loro matrimonio in Riviera alcune location d'eccezione e tutti i servizi per celebrare un matrimonio civile o religioso.<\/p><p><strong><a title=\"Meeting e Convegni a Sanremo\" href=\"https:\/\/www.visitsanremo.it\">Visit Sanremo<\/a><\/strong> \u00e8 l'ultimo nato fra i nostri programmi, dedicato alle aziende e alle associazioni che desiderano organizzare un meeting, un convegno o un congresso a Sanremo.<\/p><p>\u00a0<\/p>","_et_gb_content_width":"","footnotes":""},"class_list":["post-1991","page","type-page","status-publish","hentry"],"acf":[],"yoast_head":"<!-- This site is optimized with the Yoast SEO plugin v25.9 - https:\/\/yoast.com\/wordpress\/plugins\/seo\/ -->\n<title>Nyala Wonder Travel D.M.C. - Uber uns | TOUR OPERATOR INCOMING LIGURIA COSTA AZZURRA PROVENZA PIEMONTE<\/title>\n<meta name=\"description\" content=\"NYALA WONDER TRAVEL NYALA WONDER TRAVEL un tour operator incoming specializzato nei viaggi in Liguria Langhe e Costa Azzurra.\" \/>\n<meta name=\"robots\" content=\"index, follow, max-snippet:-1, max-image-preview:large, max-video-preview:-1\" \/>\n<link rel=\"canonical\" href=\"https:\/\/nyalatravel.com\/de\/nyala-wonder-travel\/\" \/>\n<meta property=\"og:locale\" content=\"de_DE\" \/>\n<meta property=\"og:type\" content=\"article\" \/>\n<meta property=\"og:title\" content=\"Nyala Wonder Travel D.M.C. - Uber uns | TOUR OPERATOR INCOMING LIGURIA COSTA AZZURRA PROVENZA PIEMONTE\" \/>\n<meta property=\"og:description\" content=\"NYALA WONDER TRAVEL NYALA WONDER TRAVEL un tour operator incoming specializzato nei viaggi in Liguria Langhe e Costa Azzurra.\" \/>\n<meta property=\"og:url\" content=\"https:\/\/nyalatravel.com\/de\/nyala-wonder-travel\/\" \/>\n<meta property=\"og:site_name\" content=\"TOUR OPERATOR INCOMING LIGURIA COSTA AZZURRA PROVENZA PIEMONTE\" \/>\n<meta property=\"article:modified_time\" content=\"2021-08-08T17:50:57+00:00\" \/>\n<meta name=\"twitter:label1\" content=\"Gesch\u00e4tzte Lesezeit\" \/>\n\t<meta name=\"twitter:data1\" content=\"3\u00a0Minuten\" \/>\n<script type=\"application\/ld+json\" class=\"yoast-schema-graph\">{\"@context\":\"https:\/\/schema.org\",\"@graph\":[{\"@type\":\"WebPage\",\"@id\":\"https:\/\/nyalatravel.com\/de\/nyala-wonder-travel\/\",\"url\":\"https:\/\/nyalatravel.com\/de\/nyala-wonder-travel\/\",\"name\":\"Nyala Wonder Travel D.M.C. - Uber uns | TOUR OPERATOR INCOMING LIGURIA COSTA AZZURRA PROVENZA PIEMONTE\",\"isPartOf\":{\"@id\":\"https:\/\/nyalatravel.com\/de\/#website\"},\"datePublished\":\"2011-12-10T18:50:53+00:00\",\"dateModified\":\"2021-08-08T17:50:57+00:00\",\"description\":\"NYALA WONDER TRAVEL NYALA WONDER TRAVEL un tour operator incoming specializzato nei viaggi in Liguria Langhe e Costa Azzurra.\",\"breadcrumb\":{\"@id\":\"https:\/\/nyalatravel.com\/de\/nyala-wonder-travel\/#breadcrumb\"},\"inLanguage\":\"de\",\"potentialAction\":[{\"@type\":\"ReadAction\",\"target\":[\"https:\/\/nyalatravel.com\/de\/nyala-wonder-travel\/\"]}]},{\"@type\":\"BreadcrumbList\",\"@id\":\"https:\/\/nyalatravel.com\/de\/nyala-wonder-travel\/#breadcrumb\",\"itemListElement\":[{\"@type\":\"ListItem\",\"position\":1,\"name\":\"Home\",\"item\":\"https:\/\/nyalatravel.com\/de\/\"},{\"@type\":\"ListItem\",\"position\":2,\"name\":\"Nyala Wonder Travel D.M.C. &#8211; Uber uns\"}]},{\"@type\":\"WebSite\",\"@id\":\"https:\/\/nyalatravel.com\/de\/#website\",\"url\":\"https:\/\/nyalatravel.com\/de\/\",\"name\":\"TOUR OPERATOR INCOMING LIGURIA COSTA AZZURRA PROVENZA PIEMONTE\",\"description\":\"Nyala Wonder Travel D.M.C. Sanremo\",\"potentialAction\":[{\"@type\":\"SearchAction\",\"target\":{\"@type\":\"EntryPoint\",\"urlTemplate\":\"https:\/\/nyalatravel.com\/de\/?s={search_term_string}\"},\"query-input\":{\"@type\":\"PropertyValueSpecification\",\"valueRequired\":true,\"valueName\":\"search_term_string\"}}],\"inLanguage\":\"de\"}]}<\/script>\n<!-- \/ Yoast SEO plugin. -->","yoast_head_json":{"title":"Nyala Wonder Travel D.M.C. - Uber uns | TOUR OPERATOR INCOMING LIGURIA COSTA AZZURRA PROVENZA PIEMONTE","description":"NYALA WONDER TRAVEL NYALA WONDER TRAVEL un tour operator incoming specializzato nei viaggi in Liguria Langhe e Costa Azzurra.","robots":{"index":"index","follow":"follow","max-snippet":"max-snippet:-1","max-image-preview":"max-image-preview:large","max-video-preview":"max-video-preview:-1"},"canonical":"https:\/\/nyalatravel.com\/de\/nyala-wonder-travel\/","og_locale":"de_DE","og_type":"article","og_title":"Nyala Wonder Travel D.M.C. - Uber uns | TOUR OPERATOR INCOMING LIGURIA COSTA AZZURRA PROVENZA PIEMONTE","og_description":"NYALA WONDER TRAVEL NYALA WONDER TRAVEL un tour operator incoming specializzato nei viaggi in Liguria Langhe e Costa Azzurra.","og_url":"https:\/\/nyalatravel.com\/de\/nyala-wonder-travel\/","og_site_name":"TOUR OPERATOR INCOMING LIGURIA COSTA AZZURRA PROVENZA PIEMONTE","article_modified_time":"2021-08-08T17:50:57+00:00","twitter_misc":{"Gesch\u00e4tzte Lesezeit":"3\u00a0Minuten"},"schema":{"@context":"https:\/\/schema.org","@graph":[{"@type":"WebPage","@id":"https:\/\/nyalatravel.com\/de\/nyala-wonder-travel\/","url":"https:\/\/nyalatravel.com\/de\/nyala-wonder-travel\/","name":"Nyala Wonder Travel D.M.C. - Uber uns | TOUR OPERATOR INCOMING LIGURIA COSTA AZZURRA PROVENZA PIEMONTE","isPartOf":{"@id":"https:\/\/nyalatravel.com\/de\/#website"},"datePublished":"2011-12-10T18:50:53+00:00","dateModified":"2021-08-08T17:50:57+00:00","description":"NYALA WONDER TRAVEL NYALA WONDER TRAVEL un tour operator incoming specializzato nei viaggi in Liguria Langhe e Costa Azzurra.","breadcrumb":{"@id":"https:\/\/nyalatravel.com\/de\/nyala-wonder-travel\/#breadcrumb"},"inLanguage":"de","potentialAction":[{"@type":"ReadAction","target":["https:\/\/nyalatravel.com\/de\/nyala-wonder-travel\/"]}]},{"@type":"BreadcrumbList","@id":"https:\/\/nyalatravel.com\/de\/nyala-wonder-travel\/#breadcrumb","itemListElement":[{"@type":"ListItem","position":1,"name":"Home","item":"https:\/\/nyalatravel.com\/de\/"},{"@type":"ListItem","position":2,"name":"Nyala Wonder Travel D.M.C. &#8211; Uber uns"}]},{"@type":"WebSite","@id":"https:\/\/nyalatravel.com\/de\/#website","url":"https:\/\/nyalatravel.com\/de\/","name":"TOUR OPERATOR INCOMING LIGURIA COSTA AZZURRA PROVENZA PIEMONTE","description":"Nyala Wonder Travel D.M.C. Sanremo","potentialAction":[{"@type":"SearchAction","target":{"@type":"EntryPoint","urlTemplate":"https:\/\/nyalatravel.com\/de\/?s={search_term_string}"},"query-input":{"@type":"PropertyValueSpecification","valueRequired":true,"valueName":"search_term_string"}}],"inLanguage":"de"}]}},"_links":{"self":[{"href":"https:\/\/nyalatravel.com\/de\/wp-json\/wp\/v2\/pages\/1991","targetHints":{"allow":["GET"]}}],"collection":[{"href":"https:\/\/nyalatravel.com\/de\/wp-json\/wp\/v2\/pages"}],"about":[{"href":"https:\/\/nyalatravel.com\/de\/wp-json\/wp\/v2\/types\/page"}],"author":[{"embeddable":true,"href":"https:\/\/nyalatravel.com\/de\/wp-json\/wp\/v2\/users\/1"}],"replies":[{"embeddable":true,"href":"https:\/\/nyalatravel.com\/de\/wp-json\/wp\/v2\/comments?post=1991"}],"version-history":[{"count":11,"href":"https:\/\/nyalatravel.com\/de\/wp-json\/wp\/v2\/pages\/1991\/revisions"}],"predecessor-version":[{"id":10748,"href":"https:\/\/nyalatravel.com\/de\/wp-json\/wp\/v2\/pages\/1991\/revisions\/10748"}],"wp:attachment":[{"href":"https:\/\/nyalatravel.com\/de\/wp-json\/wp\/v2\/media?parent=1991"}],"curies":[{"name":"wp","href":"https:\/\/api.w.org\/{rel}","templated":true}]}}